{"id":34,"date":"2017-04-05T14:34:25","date_gmt":"2017-04-05T12:34:25","guid":{"rendered":"http:\/\/inf.3fb.eu\/?page_id=34"},"modified":"2021-08-09T16:34:33","modified_gmt":"2021-08-09T14:34:33","slug":"legal-information","status":"publish","type":"page","link":"http:\/\/informus.de\/?page_id=34","title":{"rendered":"Legal information"},"content":{"rendered":"\n<h2 class=\"wp-block-heading\" style=\"font-size:28px\"><strong>Legal information and privacy policy<\/strong><\/h2>\n\n\n\n<p><\/p>\n\n\n\n<h2 class=\"has-medium-font-size wp-block-heading\"><strong>Impressum gem\u00e4\u00df \u00a75 TMG \/\/ Legal information<\/strong><\/h2>\n\n\n\n<p>Postanschrift \/\/<em>&nbsp;Postal address:<\/em>&nbsp; &nbsp;Informus GmbH, Brehmestr. 50, 13187 Berlin, Germany<br>Kontakt \/\/<em>&nbsp;Contact:<\/em>&nbsp; &nbsp;Tel. +49 (0)30 70086-711, E-Mail: fell [at] informus.de<br>Vertreten durch \/\/&nbsp;<em>Legally represented by:&nbsp;<\/em> &nbsp;Dr. Frank Fell<br>Handelsregister \/\/&nbsp;<em>Court of registration:<\/em>&nbsp; &nbsp;AG Charlottenburg, HRB 79926 B<br>USt.-ID \/\/&nbsp;<em>VAT ID:<\/em>&nbsp; &nbsp;DE 813205241<\/p>\n\n\n\n<p><\/p>\n\n\n\n<h2 class=\"has-medium-font-size wp-block-heading\"><strong><strong>Urheberrechtliche Hinweise \/\/&nbsp;<em>Copyright notice<\/em><\/strong> <\/strong><\/h2>\n\n\n\n<p> Diese Internetpr\u00e4senz enth\u00e4lt ausschlie\u00dflich Bildmaterial im Eigentum der Informus GmbH.<br><em>All photographic material shown in this website is under the copyright of Informus GmbH.<\/em> <\/p>\n\n\n\n<p><\/p>\n\n\n\n<h2 class=\"has-medium-font-size wp-block-heading\"><strong><strong> <strong>Datenschutzerkl\u00e4rung \/\/&nbsp;<em>Privacy policy<\/em><\/strong> <\/strong> <\/strong><\/h2>\n\n\n\n<p> Wir sind den Grunds\u00e4tzen der Datensparsamkeit verpflichtet. Weitere Informationen diesbez\u00fcglich k\u00f6nnen unserer <a href=\"http:\/\/informus.de\/wp-content\/uploads\/2018\/05\/INF_DSGVO_V101.pdf\">Datenschutzerkl\u00e4rung<\/a> entnommen werden. <br><em>We are committed to respecting your privacy. Please consult our <a href=\"http:\/\/informus.de\/wp-content\/uploads\/2018\/06\/INF_DSGVO_V101_EN.pdf\">privacy policy<\/a> for further information.<\/em> <\/p>\n","protected":false},"excerpt":{"rendered":"<p>Legal information and privacy policy Impressum gem\u00e4\u00df \u00a75 TMG \/\/ Legal information Postanschrift \/\/&nbsp;Postal address:&nbsp; &nbsp;Informus GmbH, Brehmestr. 50, 13187 Berlin, GermanyKontakt \/\/&nbsp;Contact:&nbsp; &nbsp;Tel. +49 (0)30 70086-711, E-Mail: fell [at] informus.deVertreten durch \/\/&nbsp;Legally represented by:&nbsp; &nbsp;Dr. Frank FellHandelsregister \/\/&nbsp;Court of<\/p>\n","protected":false},"author":1,"featured_media":0,"parent":0,"menu_order":0,"comment_status":"closed","ping_status":"closed","template":"","meta":[],"_links":{"self":[{"href":"http:\/\/informus.de\/index.php?rest_route=\/wp\/v2\/pages\/34"}],"collection":[{"href":"http:\/\/informus.de\/index.php?rest_route=\/wp\/v2\/pages"}],"about":[{"href":"http:\/\/informus.de\/index.php?rest_route=\/wp\/v2\/types\/page"}],"author":[{"embeddable":true,"href":"http:\/\/informus.de\/index.php?rest_route=\/wp\/v2\/users\/1"}],"replies":[{"embeddable":true,"href":"http:\/\/informus.de\/index.php?rest_route=%2Fwp%2Fv2%2Fcomments&post=34"}],"version-history":[{"count":29,"href":"http:\/\/informus.de\/index.php?rest_route=\/wp\/v2\/pages\/34\/revisions"}],"predecessor-version":[{"id":274,"href":"http:\/\/informus.de\/index.php?rest_route=\/wp\/v2\/pages\/34\/revisions\/274"}],"wp:attachment":[{"href":"http:\/\/informus.de\/index.php?rest_route=%2Fwp%2Fv2%2Fmedia&parent=34"}],"curies":[{"name":"wp","href":"https:\/\/api.w.org\/{rel}","templated":true}]}}